{"id":2195,"date":"2021-05-04T09:56:21","date_gmt":"2021-05-04T08:56:21","guid":{"rendered":"https:\/\/w-schreiber.buffet-multisite.buffet-preprod-02.modulodigital.com\/?page_id=2195"},"modified":"2021-10-25T16:19:58","modified_gmt":"2021-10-25T15:19:58","slug":"notre-histoire","status":"publish","type":"page","link":"http:\/\/w-schreiber.buffet-multisite.buffet-preprod-02.modulodigital.com\/fr\/notre-histoire\/","title":{"rendered":"Notre histoire"},"content":{"rendered":"<p><!-- ========= Cool Timeline PRO 4.4.3 ========= --><\/p>\n<div style=\"opacity:0;\" \n    data-showposts=\"25\"\n     class=\"cool_timeline cool-timeline-wrapper both-sided-wrapper light-timeline-wrapper main-design-3\" \n     id=\"tm-default-design-3-19\"  \n     data-pagination=\"yes\"  \n     data-pagination-position=\"right\"\n     data-line-filling=\"false\"><\/p>\n<div class=\"cool-timeline ultimate-style  light-timeline \">\n<div class=\"cool_timeline_start\"><\/div>\n<div  class=\"filter-preloaders\"><img decoding=\"async\" src=\"http:\/\/w-schreiber.buffet-multisite.buffet-preprod-02.modulodigital.com\/wp-content\/plugins\/cool-timeline-pro\/\/assets\/images\/clt-compact-preloader.gif\"><\/div>\n<div data-animations=\"\"  id=\"timeline-8\" class=\"cooltimeline_cont  clearfix icons_yes\"><!-- .timeline-post-start--><\/p>\n<div   data-alternate=\"0\" id=\"story-2285\" class=\"timeline-post odd white-post icons_yes post-2285  design-3-meta\">\n<div   data-aos=\"\" class=\"timeline-meta\">\n<div class=\"meta-details\"><\/div>\n<\/div>\n<div   data-aos=\"\" class=\"timeline-icon icon-larger iconbg-turqoise icon-color-white design-3-icon\">\n<div class=\"icon-placeholder\"><i class=\"fa fa-clock-o\" aria-hidden=\"true\"><\/i><\/div>\n<div class=\"timeline-bar\"><\/div>\n<\/p><\/div>\n<div  data-aos=\"\"  class=\"timeline-content  clearfix odd   design-3-content \">\n<div class=\"ctl_info event-description \">\n<div class=\"full-width\"><a data-glightbox=\"1946\"  href=\"https:\/\/w-schreiber.buffet-multisite.buffet-preprod-02.modulodigital.com\/wp-content\/uploads\/sites\/12\/1950\/03\/ws.jpg\" class=\"ctl_glightbox\"><img loading=\"lazy\" decoding=\"async\" width=\"650\" height=\"400\" src=\"https:\/\/w-schreiber.buffet-multisite.buffet-preprod-02.modulodigital.com\/wp-content\/uploads\/sites\/12\/1950\/03\/ws.jpg\" class=\"story-img wp-post-image\" alt=\"1946\" srcset=\"https:\/\/w-schreiber.buffet-multisite.buffet-preprod-02.modulodigital.com\/wp-content\/uploads\/sites\/12\/1950\/03\/ws.jpg 650w, https:\/\/w-schreiber.buffet-multisite.buffet-preprod-02.modulodigital.com\/wp-content\/uploads\/sites\/12\/1950\/03\/ws-300x185.jpg 300w, https:\/\/w-schreiber.buffet-multisite.buffet-preprod-02.modulodigital.com\/wp-content\/uploads\/sites\/12\/1950\/03\/ws-633x390.jpg 633w, https:\/\/w-schreiber.buffet-multisite.buffet-preprod-02.modulodigital.com\/wp-content\/uploads\/sites\/12\/1950\/03\/ws-210x129.jpg 210w, https:\/\/w-schreiber.buffet-multisite.buffet-preprod-02.modulodigital.com\/wp-content\/uploads\/sites\/12\/1950\/03\/ws-245x151.jpg 245w\" sizes=\"auto, (max-width: 650px) 100vw, 650px\" \/><\/a><\/div>\n<div class=\"content-details\">\n<h2 class=\"content-title-2\"><a target=\"_self\" title=\"1946\" href=\"http:\/\/w-schreiber.buffet-multisite.buffet-preprod-02.modulodigital.com\/fr\/timeline\/1946\/\">1946<\/a><\/h2>\n<p>Gr\u00fcndung des Unternehmens durch Wenzel Schreiber und seine S\u00f6hne Hugo und Ernst in Nauheim bei Gro\u00df-Gerau<\/p>\n<\/div>\n<\/div>\n<\/div>\n<p><!-- timeline content --><\/div>\n<p>        <!-- .timeline-post-end --><!-- .timeline-post-start--><\/p>\n<div   data-alternate=\"1\" id=\"story-2284\" class=\"timeline-post even white-post icons_yes post-2284 story-cat-195  design-3-meta\">\n<div   data-aos=\"\" class=\"timeline-meta\">\n<div class=\"meta-details\"><\/div>\n<\/div>\n<div   data-aos=\"\" class=\"timeline-icon icon-larger iconbg-turqoise icon-color-white design-3-icon\">\n<div class=\"icon-placeholder\"><i class=\"fa fa-clock-o\" aria-hidden=\"true\"><\/i><\/div>\n<div class=\"timeline-bar\"><\/div>\n<\/p><\/div>\n<div  data-aos=\"\"  class=\"timeline-content  clearfix even   design-3-content \">\n<div class=\"ctl_info event-description \">\n<div class=\"full-width\"><a data-glightbox=\"1951\"  href=\"https:\/\/w-schreiber.buffet-multisite.buffet-preprod-02.modulodigital.com\/wp-content\/uploads\/sites\/12\/2021\/03\/1950.jpg\" class=\"ctl_glightbox\"><img loading=\"lazy\" decoding=\"async\" width=\"650\" height=\"400\" src=\"https:\/\/w-schreiber.buffet-multisite.buffet-preprod-02.modulodigital.com\/wp-content\/uploads\/sites\/12\/2021\/03\/1950.jpg\" class=\"story-img wp-post-image\" alt=\"1951\" srcset=\"https:\/\/w-schreiber.buffet-multisite.buffet-preprod-02.modulodigital.com\/wp-content\/uploads\/sites\/12\/2021\/03\/1950.jpg 650w, https:\/\/w-schreiber.buffet-multisite.buffet-preprod-02.modulodigital.com\/wp-content\/uploads\/sites\/12\/2021\/03\/1950-300x185.jpg 300w, https:\/\/w-schreiber.buffet-multisite.buffet-preprod-02.modulodigital.com\/wp-content\/uploads\/sites\/12\/2021\/03\/1950-633x390.jpg 633w, https:\/\/w-schreiber.buffet-multisite.buffet-preprod-02.modulodigital.com\/wp-content\/uploads\/sites\/12\/2021\/03\/1950-210x129.jpg 210w, https:\/\/w-schreiber.buffet-multisite.buffet-preprod-02.modulodigital.com\/wp-content\/uploads\/sites\/12\/2021\/03\/1950-245x151.jpg 245w\" sizes=\"auto, (max-width: 650px) 100vw, 650px\" \/><\/a><\/div>\n<div class=\"content-details\">\n<h2 class=\"content-title-2\"><a target=\"_self\" title=\"1951\" href=\"http:\/\/w-schreiber.buffet-multisite.buffet-preprod-02.modulodigital.com\/fr\/timeline\/1951\/\">1951<\/a><\/h2>\n<p>Zun\u00e4chst Reparatur von Holzblasinstrumenten, ab ca. 1951 Beginn der Fertigung von eigenen Instrumenten wie Fagotte, Klarinetten und Blockfl\u00f6ten, sp\u00e4ter auch Querfl\u00f6ten<\/p>\n<\/div>\n<\/div>\n<\/div>\n<p><!-- timeline content --><\/div>\n<p>        <!-- .timeline-post-end --><!-- .timeline-post-start--><\/p>\n<div   data-alternate=\"2\" id=\"story-2279\" class=\"timeline-post odd white-post icons_yes post-2279 story-cat-195  design-3-meta\">\n<div   data-aos=\"\" class=\"timeline-meta\">\n<div class=\"meta-details\"><\/div>\n<\/div>\n<div   data-aos=\"\" class=\"timeline-icon icon-larger iconbg-turqoise icon-color-white design-3-icon\">\n<div class=\"icon-placeholder\"><i class=\"fa fa-clock-o\" aria-hidden=\"true\"><\/i><\/div>\n<div class=\"timeline-bar\"><\/div>\n<\/p><\/div>\n<div  data-aos=\"\"  class=\"timeline-content  clearfix odd   design-3-content \">\n<div class=\"ctl_info event-description \">\n<div class=\"full-width\"><a data-glightbox=\"1968\"  href=\"https:\/\/w-schreiber.buffet-multisite.buffet-preprod-02.modulodigital.com\/wp-content\/uploads\/sites\/12\/2021\/05\/1968photo.jpg\" class=\"ctl_glightbox\"><img loading=\"lazy\" decoding=\"async\" width=\"650\" height=\"400\" src=\"https:\/\/w-schreiber.buffet-multisite.buffet-preprod-02.modulodigital.com\/wp-content\/uploads\/sites\/12\/2021\/05\/1968photo.jpg\" class=\"story-img wp-post-image\" alt=\"1968\" srcset=\"https:\/\/w-schreiber.buffet-multisite.buffet-preprod-02.modulodigital.com\/wp-content\/uploads\/sites\/12\/2021\/05\/1968photo.jpg 650w, https:\/\/w-schreiber.buffet-multisite.buffet-preprod-02.modulodigital.com\/wp-content\/uploads\/sites\/12\/2021\/05\/1968photo-300x185.jpg 300w, https:\/\/w-schreiber.buffet-multisite.buffet-preprod-02.modulodigital.com\/wp-content\/uploads\/sites\/12\/2021\/05\/1968photo-633x390.jpg 633w, https:\/\/w-schreiber.buffet-multisite.buffet-preprod-02.modulodigital.com\/wp-content\/uploads\/sites\/12\/2021\/05\/1968photo-210x129.jpg 210w, https:\/\/w-schreiber.buffet-multisite.buffet-preprod-02.modulodigital.com\/wp-content\/uploads\/sites\/12\/2021\/05\/1968photo-245x151.jpg 245w\" sizes=\"auto, (max-width: 650px) 100vw, 650px\" \/><\/a><\/div>\n<div class=\"content-details\">\n<h2 class=\"content-title-2\"><a target=\"_self\" title=\"1968\" href=\"http:\/\/w-schreiber.buffet-multisite.buffet-preprod-02.modulodigital.com\/fr\/timeline\/1968\/\">1968<\/a><\/h2>\n<p>Besonderheiten in der Firmengeschichte waren unter anderem Klarinettenmodelle aus Kunststoff sowie schwarze Fagotte, die f\u00fcr den USA-Markt hergestellt wurden.<\/p>\n<\/div>\n<\/div>\n<\/div>\n<p><!-- timeline content --><\/div>\n<p>        <!-- .timeline-post-end --><!-- .timeline-post-start--><\/p>\n<div   data-alternate=\"3\" id=\"story-2283\" class=\"timeline-post even white-post icons_yes post-2283 story-cat-195  design-3-meta\">\n<div   data-aos=\"\" class=\"timeline-meta\">\n<div class=\"meta-details\"><\/div>\n<\/div>\n<div   data-aos=\"\" class=\"timeline-icon icon-larger iconbg-turqoise icon-color-white design-3-icon\">\n<div class=\"icon-placeholder\"><i class=\"fa fa-clock-o\" aria-hidden=\"true\"><\/i><\/div>\n<div class=\"timeline-bar\"><\/div>\n<\/p><\/div>\n<div  data-aos=\"\"  class=\"timeline-content  clearfix even   design-3-content \">\n<div class=\"ctl_info event-description \">\n<div class=\"full-width\"><a data-glightbox=\"1980\"  href=\"https:\/\/w-schreiber.buffet-multisite.buffet-preprod-02.modulodigital.com\/wp-content\/uploads\/sites\/12\/2021\/03\/1960.jpg\" class=\"ctl_glightbox\"><img loading=\"lazy\" decoding=\"async\" width=\"650\" height=\"400\" src=\"https:\/\/w-schreiber.buffet-multisite.buffet-preprod-02.modulodigital.com\/wp-content\/uploads\/sites\/12\/2021\/03\/1960.jpg\" class=\"story-img wp-post-image\" alt=\"1980\" srcset=\"https:\/\/w-schreiber.buffet-multisite.buffet-preprod-02.modulodigital.com\/wp-content\/uploads\/sites\/12\/2021\/03\/1960.jpg 650w, https:\/\/w-schreiber.buffet-multisite.buffet-preprod-02.modulodigital.com\/wp-content\/uploads\/sites\/12\/2021\/03\/1960-300x185.jpg 300w, https:\/\/w-schreiber.buffet-multisite.buffet-preprod-02.modulodigital.com\/wp-content\/uploads\/sites\/12\/2021\/03\/1960-633x390.jpg 633w, https:\/\/w-schreiber.buffet-multisite.buffet-preprod-02.modulodigital.com\/wp-content\/uploads\/sites\/12\/2021\/03\/1960-210x129.jpg 210w, https:\/\/w-schreiber.buffet-multisite.buffet-preprod-02.modulodigital.com\/wp-content\/uploads\/sites\/12\/2021\/03\/1960-245x151.jpg 245w\" sizes=\"auto, (max-width: 650px) 100vw, 650px\" \/><\/a><\/div>\n<div class=\"content-details\">\n<h2 class=\"content-title-2\"><a target=\"_self\" title=\"1980\" href=\"http:\/\/w-schreiber.buffet-multisite.buffet-preprod-02.modulodigital.com\/fr\/timeline\/1980\/\">1980<\/a><\/h2>\n<p>In den 80er Jahren Beginn der Produktion von Oboen und B\u00f6hmklarinetten, welche unter der Marke Buffet Crampon vertrieben wurde.<\/p>\n<p>&nbsp;<\/p>\n<\/div>\n<\/div>\n<\/div>\n<p><!-- timeline content --><\/div>\n<p>        <!-- .timeline-post-end --><!-- .timeline-post-start--><\/p>\n<div   data-alternate=\"4\" id=\"story-2282\" class=\"timeline-post odd white-post icons_yes post-2282 story-cat-195  design-3-meta\">\n<div   data-aos=\"\" class=\"timeline-meta\">\n<div class=\"meta-details\"><\/div>\n<\/div>\n<div   data-aos=\"\" class=\"timeline-icon icon-larger iconbg-turqoise icon-color-white design-3-icon\">\n<div class=\"icon-placeholder\"><i class=\"fa fa-clock-o\" aria-hidden=\"true\"><\/i><\/div>\n<div class=\"timeline-bar\"><\/div>\n<\/p><\/div>\n<div  data-aos=\"\"  class=\"timeline-content  clearfix odd   design-3-content \">\n<div class=\"ctl_info event-description \">\n<div class=\"full-width\"><a data-glightbox=\"1991\"  href=\"https:\/\/w-schreiber.buffet-multisite.buffet-preprod-02.modulodigital.com\/wp-content\/uploads\/sites\/12\/2021\/04\/photo.jpg\" class=\"ctl_glightbox\"><img loading=\"lazy\" decoding=\"async\" width=\"650\" height=\"400\" src=\"https:\/\/w-schreiber.buffet-multisite.buffet-preprod-02.modulodigital.com\/wp-content\/uploads\/sites\/12\/2021\/04\/photo.jpg\" class=\"story-img wp-post-image\" alt=\"1991\" srcset=\"https:\/\/w-schreiber.buffet-multisite.buffet-preprod-02.modulodigital.com\/wp-content\/uploads\/sites\/12\/2021\/04\/photo.jpg 650w, https:\/\/w-schreiber.buffet-multisite.buffet-preprod-02.modulodigital.com\/wp-content\/uploads\/sites\/12\/2021\/04\/photo-300x185.jpg 300w, https:\/\/w-schreiber.buffet-multisite.buffet-preprod-02.modulodigital.com\/wp-content\/uploads\/sites\/12\/2021\/04\/photo-633x390.jpg 633w, https:\/\/w-schreiber.buffet-multisite.buffet-preprod-02.modulodigital.com\/wp-content\/uploads\/sites\/12\/2021\/04\/photo-210x129.jpg 210w, https:\/\/w-schreiber.buffet-multisite.buffet-preprod-02.modulodigital.com\/wp-content\/uploads\/sites\/12\/2021\/04\/photo-245x151.jpg 245w\" sizes=\"auto, (max-width: 650px) 100vw, 650px\" \/><\/a><\/div>\n<div class=\"content-details\">\n<h2 class=\"content-title-2\"><a target=\"_self\" title=\"1991\" href=\"http:\/\/w-schreiber.buffet-multisite.buffet-preprod-02.modulodigital.com\/fr\/timeline\/1991\/\">1991<\/a><\/h2>\n<p>1991 wird in Erlbach, einem Ortsteil von der Musikinstrumentenstadt Markneukirchen (Deutschland, Vogtland) ein weiterer Produktionsstandort er\u00f6ffnet.<\/p>\n<\/div>\n<\/div>\n<\/div>\n<p><!-- timeline content --><\/div>\n<p>        <!-- .timeline-post-end --><!-- .timeline-post-start--><\/p>\n<div   data-alternate=\"5\" id=\"story-2281\" class=\"timeline-post even white-post icons_yes post-2281 story-cat-195  design-3-meta\">\n<div   data-aos=\"\" class=\"timeline-meta\">\n<div class=\"meta-details\"><\/div>\n<\/div>\n<div   data-aos=\"\" class=\"timeline-icon icon-larger iconbg-turqoise icon-color-white design-3-icon\">\n<div class=\"icon-placeholder\"><i class=\"fa fa-clock-o\" aria-hidden=\"true\"><\/i><\/div>\n<div class=\"timeline-bar\"><\/div>\n<\/p><\/div>\n<div  data-aos=\"\"  class=\"timeline-content  clearfix even   design-3-content \">\n<div class=\"ctl_info event-description \">\n<div class=\"full-width\"><a data-glightbox=\"2001\"  href=\"https:\/\/w-schreiber.buffet-multisite.buffet-preprod-02.modulodigital.com\/wp-content\/uploads\/sites\/12\/2021\/04\/2001-a.jpg\" class=\"ctl_glightbox\"><img loading=\"lazy\" decoding=\"async\" width=\"650\" height=\"400\" src=\"https:\/\/w-schreiber.buffet-multisite.buffet-preprod-02.modulodigital.com\/wp-content\/uploads\/sites\/12\/2021\/04\/2001-a.jpg\" class=\"story-img wp-post-image\" alt=\"2001\" srcset=\"https:\/\/w-schreiber.buffet-multisite.buffet-preprod-02.modulodigital.com\/wp-content\/uploads\/sites\/12\/2021\/04\/2001-a.jpg 650w, https:\/\/w-schreiber.buffet-multisite.buffet-preprod-02.modulodigital.com\/wp-content\/uploads\/sites\/12\/2021\/04\/2001-a-300x185.jpg 300w, https:\/\/w-schreiber.buffet-multisite.buffet-preprod-02.modulodigital.com\/wp-content\/uploads\/sites\/12\/2021\/04\/2001-a-633x390.jpg 633w, https:\/\/w-schreiber.buffet-multisite.buffet-preprod-02.modulodigital.com\/wp-content\/uploads\/sites\/12\/2021\/04\/2001-a-210x129.jpg 210w, https:\/\/w-schreiber.buffet-multisite.buffet-preprod-02.modulodigital.com\/wp-content\/uploads\/sites\/12\/2021\/04\/2001-a-245x151.jpg 245w\" sizes=\"auto, (max-width: 650px) 100vw, 650px\" \/><\/a><\/div>\n<div class=\"content-details\">\n<h2 class=\"content-title-2\"><a target=\"_self\" title=\"2001\" href=\"http:\/\/w-schreiber.buffet-multisite.buffet-preprod-02.modulodigital.com\/fr\/timeline\/2001\/\">2001<\/a><\/h2>\n<p>2001 startet in einem neuen Werk in Markneukirchen die Produktion.<\/p>\n<\/div>\n<\/div>\n<\/div>\n<p><!-- timeline content --><\/div>\n<p>        <!-- .timeline-post-end --><!-- .timeline-post-start--><\/p>\n<div   data-alternate=\"6\" id=\"story-2280\" class=\"timeline-post odd white-post icons_yes post-2280 story-cat-195  design-3-meta\">\n<div   data-aos=\"\" class=\"timeline-meta\">\n<div class=\"meta-details\"><\/div>\n<\/div>\n<div   data-aos=\"\" class=\"timeline-icon icon-larger iconbg-turqoise icon-color-white design-3-icon\">\n<div class=\"icon-placeholder\"><i class=\"fa fa-clock-o\" aria-hidden=\"true\"><\/i><\/div>\n<div class=\"timeline-bar\"><\/div>\n<\/p><\/div>\n<div  data-aos=\"\"  class=\"timeline-content  clearfix odd   design-3-content \">\n<div class=\"ctl_info event-description \">\n<div class=\"full-width\"><a data-glightbox=\"2010\"  href=\"https:\/\/w-schreiber.buffet-multisite.buffet-preprod-02.modulodigital.com\/wp-content\/uploads\/sites\/12\/2021\/04\/2001-b.jpg\" class=\"ctl_glightbox\"><img loading=\"lazy\" decoding=\"async\" width=\"650\" height=\"400\" src=\"https:\/\/w-schreiber.buffet-multisite.buffet-preprod-02.modulodigital.com\/wp-content\/uploads\/sites\/12\/2021\/04\/2001-b.jpg\" class=\"story-img wp-post-image\" alt=\"2010\" srcset=\"https:\/\/w-schreiber.buffet-multisite.buffet-preprod-02.modulodigital.com\/wp-content\/uploads\/sites\/12\/2021\/04\/2001-b.jpg 650w, https:\/\/w-schreiber.buffet-multisite.buffet-preprod-02.modulodigital.com\/wp-content\/uploads\/sites\/12\/2021\/04\/2001-b-300x185.jpg 300w, https:\/\/w-schreiber.buffet-multisite.buffet-preprod-02.modulodigital.com\/wp-content\/uploads\/sites\/12\/2021\/04\/2001-b-633x390.jpg 633w, https:\/\/w-schreiber.buffet-multisite.buffet-preprod-02.modulodigital.com\/wp-content\/uploads\/sites\/12\/2021\/04\/2001-b-210x129.jpg 210w, https:\/\/w-schreiber.buffet-multisite.buffet-preprod-02.modulodigital.com\/wp-content\/uploads\/sites\/12\/2021\/04\/2001-b-245x151.jpg 245w\" sizes=\"auto, (max-width: 650px) 100vw, 650px\" \/><\/a><\/div>\n<div class=\"content-details\">\n<h2 class=\"content-title-2\"><a target=\"_self\" title=\"2010\" href=\"http:\/\/w-schreiber.buffet-multisite.buffet-preprod-02.modulodigital.com\/fr\/timeline\/2010\/\">2010<\/a><\/h2>\n<p>2010 die Marken Wenzel Schreiber und Julius Keilwerth werden von der Firma Buffet Crampon \u00fcbernommen, die selbst eine lange Tradition im Bau und Vertrieb von Instrumenten vorzuweisen hat.<\/p>\n<\/div>\n<\/div>\n<\/div>\n<p><!-- timeline content --><\/div>\n<p>        <!-- .timeline-post-end --><\/p>\n<style type=\"text\/css\"><\/style>\n<div  class=\"end-timeline clearfix\"><\/div>\n<\/div>\n<div class=\"cool_timeline_end\"><\/div>\n<div class=\"ctl_center_line_filling\"><\/div>\n<\/div>\n<\/div>\n<p>  <!-- end\n================================================== --><\/p>\n<style type=\"text\/css\"><\/style>\n","protected":false},"excerpt":{"rendered":"","protected":false},"author":12,"featured_media":0,"parent":0,"menu_order":0,"comment_status":"closed","ping_status":"closed","template":"","meta":{"_acf_changed":false,"_relevanssi_hide_post":"","_relevanssi_pin_for_all":"","_relevanssi_pin_keywords":"","_relevanssi_unpin_keywords":"","_relevanssi_related_keywords":"","_relevanssi_related_include_ids":"","_relevanssi_related_exclude_ids":"","_relevanssi_related_no_append":"","_relevanssi_related_not_related":"","_relevanssi_related_posts":"","_relevanssi_noindex_reason":"","footnotes":""},"class_list":["post-2195","page","type-page","status-publish","hentry"],"acf":[],"_links":{"self":[{"href":"http:\/\/w-schreiber.buffet-multisite.buffet-preprod-02.modulodigital.com\/fr\/wp-json\/wp\/v2\/pages\/2195","targetHints":{"allow":["GET"]}}],"collection":[{"href":"http:\/\/w-schreiber.buffet-multisite.buffet-preprod-02.modulodigital.com\/fr\/wp-json\/wp\/v2\/pages"}],"about":[{"href":"http:\/\/w-schreiber.buffet-multisite.buffet-preprod-02.modulodigital.com\/fr\/wp-json\/wp\/v2\/types\/page"}],"author":[{"embeddable":true,"href":"http:\/\/w-schreiber.buffet-multisite.buffet-preprod-02.modulodigital.com\/fr\/wp-json\/wp\/v2\/users\/12"}],"replies":[{"embeddable":true,"href":"http:\/\/w-schreiber.buffet-multisite.buffet-preprod-02.modulodigital.com\/fr\/wp-json\/wp\/v2\/comments?post=2195"}],"version-history":[{"count":2,"href":"http:\/\/w-schreiber.buffet-multisite.buffet-preprod-02.modulodigital.com\/fr\/wp-json\/wp\/v2\/pages\/2195\/revisions"}],"predecessor-version":[{"id":2287,"href":"http:\/\/w-schreiber.buffet-multisite.buffet-preprod-02.modulodigital.com\/fr\/wp-json\/wp\/v2\/pages\/2195\/revisions\/2287"}],"wp:attachment":[{"href":"http:\/\/w-schreiber.buffet-multisite.buffet-preprod-02.modulodigital.com\/fr\/wp-json\/wp\/v2\/media?parent=2195"}],"curies":[{"name":"wp","href":"https:\/\/api.w.org\/{rel}","templated":true}]}}