{"id":510,"date":"2016-05-15T14:13:15","date_gmt":"2016-05-15T13:13:15","guid":{"rendered":"https:\/\/w-schreiber.buffet-multisite.buffet-preprod-02.modulodigital.com\/de\/about-us\/"},"modified":"2022-01-20T11:25:48","modified_gmt":"2022-01-20T10:25:48","slug":"uber-uns","status":"publish","type":"page","link":"http:\/\/w-schreiber.buffet-multisite.buffet-preprod-02.modulodigital.com\/de\/uber-uns\/","title":{"rendered":"\u00dcber uns"},"content":{"rendered":"<h3>100% MADE IN GERMANY<\/h3>\n<p>Klarinetten und Fagotte von W. Schreiber haben eine lange Tradition.<\/p>\n<p>Schreiber hat es immer verstanden, handwerkliches K\u00f6nnen mit modernen Herstellungsmethoden zu verbinden: hochqualifizierte Fachkr\u00e4fte, erstklassige Werkzeuge und modernste Pr\u00e4zisionsmaschinen garantieren Instrumente von h\u00f6chster Qualit\u00e4t.<\/p>\n<p>Mit viel Gef\u00fchl f\u00fcr Klang- und Spieleigenschaften entstehen Instrumente von sensibler Ansprache, perfekter Intonation und wundersch\u00f6nem Klang.<\/p>\n","protected":false},"excerpt":{"rendered":"<p>100% MADE IN GERMANY Klarinetten und Fagotte von W. Schreiber haben eine lange Tradition. Schreiber hat es immer verstanden, handwerkliches K\u00f6nnen mit modernen Herstellungsmethoden zu verbinden: hochqualifizierte Fachkr\u00e4fte, erstklassige Werkzeuge und modernste Pr\u00e4zisionsmaschinen garantieren Instrumente von h\u00f6chster Qualit\u00e4t. Mit viel Gef\u00fchl f\u00fcr Klang- und Spieleigenschaften entstehen Instrumente von sensibler Ansprache, perfekter Intonation und wundersch\u00f6nem Klang.<\/p>\n","protected":false},"author":12,"featured_media":0,"parent":0,"menu_order":0,"comment_status":"closed","ping_status":"closed","template":"","meta":{"_acf_changed":false,"_relevanssi_hide_post":"","_relevanssi_pin_for_all":"","_relevanssi_pin_keywords":"","_relevanssi_unpin_keywords":"","_relevanssi_related_keywords":"","_relevanssi_related_include_ids":"","_relevanssi_related_exclude_ids":"","_relevanssi_related_no_append":"","_relevanssi_related_not_related":"","_relevanssi_related_posts":"","_relevanssi_noindex_reason":"","footnotes":""},"class_list":["post-510","page","type-page","status-publish","hentry"],"acf":[],"_links":{"self":[{"href":"http:\/\/w-schreiber.buffet-multisite.buffet-preprod-02.modulodigital.com\/de\/wp-json\/wp\/v2\/pages\/510","targetHints":{"allow":["GET"]}}],"collection":[{"href":"http:\/\/w-schreiber.buffet-multisite.buffet-preprod-02.modulodigital.com\/de\/wp-json\/wp\/v2\/pages"}],"about":[{"href":"http:\/\/w-schreiber.buffet-multisite.buffet-preprod-02.modulodigital.com\/de\/wp-json\/wp\/v2\/types\/page"}],"author":[{"embeddable":true,"href":"http:\/\/w-schreiber.buffet-multisite.buffet-preprod-02.modulodigital.com\/de\/wp-json\/wp\/v2\/users\/12"}],"replies":[{"embeddable":true,"href":"http:\/\/w-schreiber.buffet-multisite.buffet-preprod-02.modulodigital.com\/de\/wp-json\/wp\/v2\/comments?post=510"}],"version-history":[{"count":2,"href":"http:\/\/w-schreiber.buffet-multisite.buffet-preprod-02.modulodigital.com\/de\/wp-json\/wp\/v2\/pages\/510\/revisions"}],"predecessor-version":[{"id":2108,"href":"http:\/\/w-schreiber.buffet-multisite.buffet-preprod-02.modulodigital.com\/de\/wp-json\/wp\/v2\/pages\/510\/revisions\/2108"}],"wp:attachment":[{"href":"http:\/\/w-schreiber.buffet-multisite.buffet-preprod-02.modulodigital.com\/de\/wp-json\/wp\/v2\/media?parent=510"}],"curies":[{"name":"wp","href":"https:\/\/api.w.org\/{rel}","templated":true}]}}